{"id":9,"date":"2014-05-26T13:03:41","date_gmt":"2014-05-26T11:03:41","guid":{"rendered":"http:\/\/s319892662.online.de\/bg\/?page_id=9"},"modified":"2026-03-09T11:59:47","modified_gmt":"2026-03-09T09:59:47","slug":"ueber-uns","status":"publish","type":"page","link":"https:\/\/baugenossenschaft-kitzingen.de\/?page_id=9","title":{"rendered":"\u00dcber uns"},"content":{"rendered":"<p><strong><a href=\"https:\/\/baugenossenschaft-kitzingen.de\/wp-content\/uploads\/2014\/05\/Kitzingen.jpg\"><img decoding=\"async\" loading=\"lazy\" class=\"alignright wp-image-23 size-medium\" src=\"https:\/\/baugenossenschaft-kitzingen.de\/wp-content\/uploads\/2014\/05\/Kitzingen-300x225.jpg\" alt=\"\" width=\"300\" height=\"225\" srcset=\"https:\/\/baugenossenschaft-kitzingen.de\/wp-content\/uploads\/2014\/05\/Kitzingen-300x225.jpg 300w, https:\/\/baugenossenschaft-kitzingen.de\/wp-content\/uploads\/2014\/05\/Kitzingen-1024x768.jpg 1024w, https:\/\/baugenossenschaft-kitzingen.de\/wp-content\/uploads\/2014\/05\/Kitzingen.jpg 1920w\" sizes=\"(max-width: 300px) 100vw, 300px\" \/><\/a>Unternehmen und Rechtsform<\/strong><\/p>\n<p>Die Gr\u00fcndung der Baugenossenschaft fiel in die Zeit nach dem Zweiten Weltkrieg, die gepr\u00e4gt war durch die Folgen des Krieges, gro\u00dfer Not und fehlendem Wohnraum. Die gemeinsam zu tragende Not beg\u00fcnstigte genossenschaftliches Denken und Handeln.<\/p>\n<p>Die Baugenossenschaft f\u00fcr den Landkreis Kitzingen eG wurde 1948 als gemeinn\u00fctziges Wohnungsunternehmen gegr\u00fcndet und am 30.07.1949 in das Genossenschaftsregister am Amtsgericht W\u00fcrzburg eingetragen (Nr. 76).<\/p>\n<p>Die Baugenossenschaft bewirtschaftet heute 241 Wohnungen in 41 H\u00e4usern, 70 Garagen und 60 Stellpl\u00e4tze. Die Anwesen befinden sich in Kitzingen und 11 weiteren Gemeinden des Landkreises. Die Wohnungen zu erhalten und an die heutigen Erfordernissen und Vorschriften anzupassen und weiter preiswerten Wohnraum anzubieten ist oberstes Ziel der Baugenossenschaft.<\/p>\n<p>Im Gegensatz zu privaten Wohnungsgesellschaften, bietet die Baugenossenschaft ihren Mietern Leistungen, die sich nicht an einer Gewinnmaximierung, sondern an den Interessen der genossenschaftlichen Solidargemeinschaft orientieren. Mitglied und Mieter bei der Baugenossenschaft ist man nicht nur, weil man preiswert, gut und sicher wohnen will, sondern auch, weil die Dienstleistungen \u00fcber rein \u00f6konomisches Denken hinausgehen und Komponenten einer sozialen F\u00fcrsorge mit einschlie\u00dfen. Die Mitglieder werden durch Ihre Gesch\u00e4ftsanteile Miteigent\u00fcmer und erhalten ein unbefristetes Wohnrecht. Die Mitgliedschaft kann von jeder nat\u00fcrlichen Person, Personenhandelsgesellschaft sowie juristischen Person des privaten und \u00f6ffentlichen Rechts erworben werden.<\/p>\n<p><strong>Organe der Genossenschaft<\/strong><\/p>\n<p><u>Vorstand und Gesch\u00e4ftsf\u00fchrung:<\/u><\/p>\n<p>Uwe Hirsch (Vorstandssprecher)<br \/>Elke Rumpel-Konnerth (stv. Vorstandssprecher)<br \/>Thomas Beer<\/p>\n<p>Beate Wirth (Gesch\u00e4ftsf\u00fchrerin)<\/p>\n<p><u>Aufsichtsrat:<\/u><\/p>\n<p>Peter Kornell (Vorsitzender)<br \/>Harald Kopp (stv. Vorsitzender)<br \/>Carsten Lieb<\/p>\n<p><u>Mitgliederversammlung<\/u><\/p>\n<p><strong>Mitgliedschaft<\/strong><\/p>\n<p>Auf Grund der Rechtsform der Baugenossenschaft bedarf die Anmietung einer Wohnung den Erwerb der Mitgliedschaft und die \u00dcbernahme von Gesch\u00e4ftsanteilen. Ein Gesch\u00e4ftsanteil bel\u00e4uft sich auf 155 \u20ac. Die Anzahl der zu \u00fcbernehmenden Gesch\u00e4ftsanteile richtet sich nach der Wohnungsgr\u00f6\u00dfe. Ferner ist einmalig ein Eintrittsgeld von 5 \u20ac zu entrichten.<\/p>\n<p>\u00a0<\/p>\n\n\n<p><a href=\"https:\/\/baugenossenschaft-kitzingen.de\/wp-content\/uploads\/2023\/03\/Satzung.pdf\" target=\"_blank\" rel=\"noreferrer noopener\">Hier k\u00f6nnen Sie sich unsere Satzung herunterladen<\/a><\/p>\n","protected":false},"excerpt":{"rendered":"<p>Unternehmen und Rechtsform Die Gr\u00fcndung der Baugenossenschaft fiel in die Zeit nach dem Zweiten Weltkrieg, die gepr\u00e4gt war durch die Folgen des Krieges, gro\u00dfer Not und fehlendem Wohnraum. Die gemeinsam zu tragende Not beg\u00fcnstigte genossenschaftliches Denken und Handeln. Die Baugenossenschaft f\u00fcr den Landkreis Kitzingen eG wurde 1948 als gemeinn\u00fctziges Wohnungsunternehmen gegr\u00fcndet und am 30.07.1949 in&#8230;<\/p>\n","protected":false},"author":1,"featured_media":0,"parent":0,"menu_order":0,"comment_status":"closed","ping_status":"closed","template":"","meta":[],"_links":{"self":[{"href":"https:\/\/baugenossenschaft-kitzingen.de\/index.php?rest_route=\/wp\/v2\/pages\/9"}],"collection":[{"href":"https:\/\/baugenossenschaft-kitzingen.de\/index.php?rest_route=\/wp\/v2\/pages"}],"about":[{"href":"https:\/\/baugenossenschaft-kitzingen.de\/index.php?rest_route=\/wp\/v2\/types\/page"}],"author":[{"embeddable":true,"href":"https:\/\/baugenossenschaft-kitzingen.de\/index.php?rest_route=\/wp\/v2\/users\/1"}],"replies":[{"embeddable":true,"href":"https:\/\/baugenossenschaft-kitzingen.de\/index.php?rest_route=%2Fwp%2Fv2%2Fcomments&post=9"}],"version-history":[{"count":24,"href":"https:\/\/baugenossenschaft-kitzingen.de\/index.php?rest_route=\/wp\/v2\/pages\/9\/revisions"}],"predecessor-version":[{"id":167,"href":"https:\/\/baugenossenschaft-kitzingen.de\/index.php?rest_route=\/wp\/v2\/pages\/9\/revisions\/167"}],"wp:attachment":[{"href":"https:\/\/baugenossenschaft-kitzingen.de\/index.php?rest_route=%2Fwp%2Fv2%2Fmedia&parent=9"}],"curies":[{"name":"wp","href":"https:\/\/api.w.org\/{rel}","templated":true}]}}